{"id":14115,"date":"2022-09-30T12:16:25","date_gmt":"2022-09-30T10:16:25","guid":{"rendered":"https:\/\/108projects.com\/?page_id=14115"},"modified":"2022-10-07T14:06:33","modified_gmt":"2022-10-07T12:06:33","slug":"stories","status":"publish","type":"page","link":"https:\/\/108projects.com\/de\/stories\/","title":{"rendered":"Stories"},"content":{"rendered":"\t\t<div data-elementor-type=\"wp-page\" data-elementor-id=\"14115\" class=\"elementor elementor-14115\" data-elementor-post-type=\"page\">\n\t\t\t\t\t\t<section class=\"elementor-section elementor-top-section elementor-element elementor-element-42ff40a7 elementor-section-full_width elementor-section-height-default elementor-section-height-default qodef-backgound-letter-holder-no qodef-elementor-content-no\" data-id=\"42ff40a7\" data-element_type=\"section\" data-e-type=\"section\">\n\t\t\t\t\t\t<div class=\"elementor-container elementor-column-gap-default\">\n\t\t\t\t\t<div class=\"elementor-column elementor-col-50 elementor-top-column elementor-element elementor-element-29e6a93a\" data-id=\"29e6a93a\" data-element_type=\"column\" data-e-type=\"column\" data-settings=\"{&quot;background_background&quot;:&quot;classic&quot;}\">\n\t\t\t<div class=\"elementor-widget-wrap elementor-element-populated\">\n\t\t\t\t\t\t<div class=\"elementor-element elementor-element-2094a10a elementor-hidden-phone elementor-widget elementor-widget-laurits_core_single_image\" data-id=\"2094a10a\" data-element_type=\"widget\" data-e-type=\"widget\" data-widget_type=\"laurits_core_single_image.default\">\n\t\t\t\t<div class=\"elementor-widget-container\">\n\t\t\t\t\t<div class=\"qodef-shortcode qodef-m  qodef-single-image qodef-single-image-245 qodef-layout--default  qodef-appear-animation--no qodef-zoom-scroll-animation--no\" data-appearing-delay=\"0\">\n\t<div class=\"qodef-m-image\">\n\t\t\t<svg class=\"qodef-custom-svg-line\" xmlns=\"http:\/\/www.w3.org\/2000\/svg\" x=\"0px\" y=\"0px\" width=\"742.591px\" height=\"153.854px\" viewBox=\"0 0 742.591 153.854\" enable-background=\"new 0 0 742.591 153.854\">\n<path fill=\"none\" stroke=\"#F13627\" d=\"M0.239,64.032c0,0,438.619,238.361,742-63.678\" \/>\n<\/svg>\t<\/div>\n<\/div>\n\t\t\t\t<\/div>\n\t\t\t\t<\/div>\n\t\t\t\t\t<\/div>\n\t\t<\/div>\n\t\t\t\t<div class=\"elementor-column elementor-col-50 elementor-top-column elementor-element elementor-element-1042e59f\" data-id=\"1042e59f\" data-element_type=\"column\" data-e-type=\"column\">\n\t\t\t<div class=\"elementor-widget-wrap elementor-element-populated\">\n\t\t\t\t\t\t<div class=\"elementor-element elementor-element-2f5d83cf elementor-widget__width-initial elementor-widget-tablet__width-inherit elementor-widget elementor-widget-laurits_core_section_title\" data-id=\"2f5d83cf\" data-element_type=\"widget\" data-e-type=\"widget\" data-widget_type=\"laurits_core_section_title.default\">\n\t\t\t\t<div class=\"elementor-widget-container\">\n\t\t\t\t\t<div class=\"qodef-shortcode qodef-m  qodef-section-title qodef-alignment--left  qodef-appear-animation--no \">\n\t\t<span class=\"qodef-m-tagline\" >108stories<\/span>\n\t\t<h2 class=\"qodef-m-title\" style=\"margin-top: 15px\">\n\t\t\t\t\tUnsere Stories\t\t\t<\/h2>\n\t\t\t<div class=\"qodef-m-button\">\n\t\t\t<\/div>\n<\/div>\n\t\t\t\t<\/div>\n\t\t\t\t<\/div>\n\t\t\t\t<section class=\"elementor-section elementor-inner-section elementor-element elementor-element-30caab37 elementor-section-boxed elementor-section-height-default elementor-section-height-default qodef-backgound-letter-holder-no qodef-elementor-content-no\" data-id=\"30caab37\" data-element_type=\"section\" data-e-type=\"section\">\n\t\t\t\t\t\t<div class=\"elementor-container elementor-column-gap-default\">\n\t\t\t\t\t<div class=\"elementor-column elementor-col-50 elementor-inner-column elementor-element elementor-element-1a255538\" data-id=\"1a255538\" data-element_type=\"column\" data-e-type=\"column\">\n\t\t\t<div class=\"elementor-widget-wrap elementor-element-populated\">\n\t\t\t\t\t\t<div class=\"elementor-element elementor-element-1361b1db elementor-widget elementor-widget-text-editor\" data-id=\"1361b1db\" data-element_type=\"widget\" data-e-type=\"widget\" data-widget_type=\"text-editor.default\">\n\t\t\t\t<div class=\"elementor-widget-container\">\n\t\t\t\t\t\t\t\t\t<p>01<\/p>\t\t\t\t\t\t\t\t<\/div>\n\t\t\t\t<\/div>\n\t\t\t\t<div class=\"elementor-element elementor-element-6d05b763 elementor-widget elementor-widget-text-editor\" data-id=\"6d05b763\" data-element_type=\"widget\" data-e-type=\"widget\" data-widget_type=\"text-editor.default\">\n\t\t\t\t<div class=\"elementor-widget-container\">\n\t\t\t\t\t\t\t\t\t<p>So sehr wir Veranstaltungen lieben \u2013 manchmal flie\u00dft unsere Kreativit\u00e4t in andere Bereiche \u00fcber. Von Fotografie \u00fcber Videos, M\u00f6bel, Mode, Kunstausstellungen und sogar Saatgut haben wir unsere F\u00fchler in eine Vielzahl von Bereichen ausgestreckt.<\/p>\t\t\t\t\t\t\t\t<\/div>\n\t\t\t\t<\/div>\n\t\t\t\t\t<\/div>\n\t\t<\/div>\n\t\t\t\t<div class=\"elementor-column elementor-col-50 elementor-inner-column elementor-element elementor-element-4faeeb3\" data-id=\"4faeeb3\" data-element_type=\"column\" data-e-type=\"column\">\n\t\t\t<div class=\"elementor-widget-wrap elementor-element-populated\">\n\t\t\t\t\t\t<div class=\"elementor-element elementor-element-6580e313 elementor-widget elementor-widget-text-editor\" data-id=\"6580e313\" data-element_type=\"widget\" data-e-type=\"widget\" data-widget_type=\"text-editor.default\">\n\t\t\t\t<div class=\"elementor-widget-container\">\n\t\t\t\t\t\t\t\t\t<p>02<\/p>\t\t\t\t\t\t\t\t<\/div>\n\t\t\t\t<\/div>\n\t\t\t\t<div class=\"elementor-element elementor-element-20dcaac4 elementor-widget elementor-widget-text-editor\" data-id=\"20dcaac4\" data-element_type=\"widget\" data-e-type=\"widget\" data-widget_type=\"text-editor.default\">\n\t\t\t\t<div class=\"elementor-widget-container\">\n\t\t\t\t\t\t\t\t\t<p>Unser gemeinsamer Nenner ist unser Engagement f\u00fcr ein hervorragendes Kundenerlebnis. Wenn Sie mehr erfahren oder einfach inspiriert werden m\u00f6chten, folgen Sie uns in den sozialen Medien oder lesen Sie unsere Geschichten.<\/p>\t\t\t\t\t\t\t\t<\/div>\n\t\t\t\t<\/div>\n\t\t\t\t\t<\/div>\n\t\t<\/div>\n\t\t\t\t\t<\/div>\n\t\t<\/section>\n\t\t\t\t\t<\/div>\n\t\t<\/div>\n\t\t\t\t\t<\/div>\n\t\t<\/section>\n\t\t\t\t<section class=\"elementor-section elementor-top-section elementor-element elementor-element-1e10e5d elementor-section-full_width qodef-elementor-content-grid elementor-section-height-default elementor-section-height-default qodef-backgound-letter-holder-no\" data-id=\"1e10e5d\" data-element_type=\"section\" data-e-type=\"section\">\n\t\t\t\t\t\t<div class=\"elementor-container elementor-column-gap-no\">\n\t\t\t\t\t<div class=\"elementor-column elementor-col-100 elementor-top-column elementor-element elementor-element-9c33760\" data-id=\"9c33760\" data-element_type=\"column\" data-e-type=\"column\">\n\t\t\t<div class=\"elementor-widget-wrap elementor-element-populated\">\n\t\t\t\t\t\t<div class=\"elementor-element elementor-element-6f2b171 elementor-widget elementor-widget-laurits_core_blog_list\" data-id=\"6f2b171\" data-element_type=\"widget\" data-e-type=\"widget\" data-widget_type=\"laurits_core_blog_list.default\">\n\t\t\t\t<div class=\"elementor-widget-container\">\n\t\t\t\t\t<div class=\"qodef-shortcode qodef-m  qodef-blog qodef-item-layout--info-bottom qodef-item-border--no qodef-side-border--on  qodef-hover-animation--no qodef-appear-animation--no qodef-grid qodef-layout--columns  qodef-gutter--normal qodef-col-num--1 qodef-item-layout--info-bottom qodef--no-bottom-space qodef-pagination--off qodef-responsive--predefined\" data-options=\"{&quot;plugin&quot;:&quot;laurits_core&quot;,&quot;module&quot;:&quot;blog\\\/shortcodes&quot;,&quot;shortcode&quot;:&quot;blog-list&quot;,&quot;post_type&quot;:&quot;post&quot;,&quot;next_page&quot;:&quot;2&quot;,&quot;max_pages_num&quot;:1,&quot;behavior&quot;:&quot;columns&quot;,&quot;images_proportion&quot;:&quot;full&quot;,&quot;columns&quot;:&quot;1&quot;,&quot;columns_responsive&quot;:&quot;predefined&quot;,&quot;space&quot;:&quot;normal&quot;,&quot;posts_per_page&quot;:&quot;9&quot;,&quot;orderby&quot;:&quot;date&quot;,&quot;order&quot;:&quot;DESC&quot;,&quot;layout&quot;:&quot;info-bottom&quot;,&quot;title_tag&quot;:&quot;h4&quot;,&quot;enable_category&quot;:&quot;yes&quot;,&quot;display_item_border&quot;:&quot;no&quot;,&quot;remove_side_borders&quot;:&quot;no&quot;,&quot;pagination_type&quot;:&quot;no-pagination&quot;,&quot;show_ordering_filter&quot;:&quot;no&quot;,&quot;hover_animation&quot;:&quot;no&quot;,&quot;items_appear_animation&quot;:&quot;no&quot;,&quot;info_bottom_display_excerpt&quot;:&quot;yes&quot;,&quot;object_class_name&quot;:&quot;LauritsCore_Blog_List_Shortcode&quot;,&quot;taxonomy_filter&quot;:&quot;category&quot;,&quot;additional_query_args&quot;:[],&quot;holder_data&quot;:{&quot;data-appearing-delay&quot;:0},&quot;space_value&quot;:15}\" data-appearing-delay=\"0\">\n\t\t<div class=\"qodef-grid-inner clear\">\n\t\t<article class=\"qodef-e qodef-blog-item qodef-grid-item qodef-item--full post-14548 post type-post status-publish format-standard has-post-thumbnail hentry category-automotive-en\">\n\t<div class=\"qodef-e-inner\">\n\t\t<div class=\"qodef-e-content-holder\">\n\t\t\t<div class=\"qodef-e-media-image\">\n\t\t<a itemprop=\"url\" href=\"https:\/\/108projects.com\/de\/we-the-arts-women-cars-courage\/\">\n\t\t\t<img fetchpriority=\"high\" decoding=\"async\" width=\"1614\" height=\"1386\" src=\"https:\/\/108projects.com\/wp-content\/uploads\/2025\/08\/women-cars-courage.jpg\" class=\"attachment-full size-full wp-post-image\" alt=\"\" srcset=\"https:\/\/108projects.com\/wp-content\/uploads\/2025\/08\/women-cars-courage.jpg 1614w, https:\/\/108projects.com\/wp-content\/uploads\/2025\/08\/women-cars-courage-300x258.jpg 300w, https:\/\/108projects.com\/wp-content\/uploads\/2025\/08\/women-cars-courage-1024x879.jpg 1024w, https:\/\/108projects.com\/wp-content\/uploads\/2025\/08\/women-cars-courage-768x660.jpg 768w, https:\/\/108projects.com\/wp-content\/uploads\/2025\/08\/women-cars-courage-1536x1319.jpg 1536w\" sizes=\"(max-width: 1614px) 100vw, 1614px\" \/>\t\t<\/a>\n\t<\/div>\n\t\t<div class=\"qodef-e-content\">\n\t\t\t<div class=\"qodef-e-top-holder\">\n\t\t\t\t<div class=\"qodef-e-info\">\n\t\t\t\t\t<a itemprop=\"dateCreated\" href=\"https:\/\/108projects.com\/de\/2025\/08\/\" class=\"\">\n\t<svg xmlns=\"http:\/\/www.w3.org\/2000\/svg\" xmlns:xlink=\"http:\/\/www.w3.org\/1999\/xlink\" width=\"16\" height=\"14\" viewBox=\"0 0 16 14\">\n\t\t<g>\n\t\t\t<rect width=\"16\" height=\"14\"\/>\n\t\t\t<rect x=\"0.5\" y=\"0.5\" width=\"15\" height=\"13\"\/>\n\t\t<\/g>\n\t\t<rect width=\"2\" height=\"2\" transform=\"translate(3 4)\"\/>\n\t\t<rect width=\"2\" height=\"2\" transform=\"translate(3 8)\"\/>\n\t\t<rect width=\"2\" height=\"2\" transform=\"translate(7 4)\"\/>\n\t\t<rect width=\"2\" height=\"2\" transform=\"translate(7 8)\"\/>\n\t\t<rect width=\"2\" height=\"2\" transform=\"translate(11 4)\"\/>\n\t\t<rect width=\"2\" height=\"2\" transform=\"translate(11 8)\"\/>\n\t<\/svg>\n\t28. August 2025<\/a>\n<div class=\"qodef-info-separator-end\"><\/div>\n\t\t\t\t<\/div>\n\t\t\t<\/div>\n\t\t\t<div class=\"qodef-e-text\">\n\t\t\t\t<h4 itemprop=\"name\" class=\"qodef-e-title entry-title\" >\n\t<a itemprop=\"url\" class=\"qodef-e-title-link\" href=\"https:\/\/108projects.com\/de\/we-the-arts-women-cars-courage\/\">\n\t\tWe love the arts: WOMEN. CARS. COURAGE.\t<\/a>\n<\/h4>\n\t\t<p itemprop=\"description\" class=\"qodef-e-excerpt\">An Exhibition Celebrating Female Pioneers of Automotive History When people think of the automotive industry, the image is often male-dominated: men on stage, men in the audience, men making the decisions. But history tells a far richer, more diverse story\u2014one that has too often been overlooked. From the very<\/p>\n\t\t\t\t<\/div>\n\t\t\t<div class=\"qodef-e-bottom-holder\">\n\t\t\t\t<div class=\"qodef-e-info\">\n\t\t\t\t\t\t<a href=\"https:\/\/108projects.com\/category\/automotive-en\/\" rel=\"tag\">Automotive<\/a>\t<div class=\"qodef-info-separator-end\"><\/div>\n\t\t\t\t<\/div>\n\t\t\t<\/div>\n\t\t<\/div>\n\t\t<\/div>\n\t<\/div>\n<\/article>\n<article class=\"qodef-e qodef-blog-item qodef-grid-item qodef-item--full post-5342 post type-post status-publish format-standard has-post-thumbnail hentry category-automotive-en\">\n\t<div class=\"qodef-e-inner\">\n\t\t<div class=\"qodef-e-content-holder\">\n\t\t\t<div class=\"qodef-e-media-image\">\n\t\t<a itemprop=\"url\" href=\"https:\/\/108projects.com\/de\/we-love-to-drive-wales\/\">\n\t\t\t<img decoding=\"async\" width=\"2560\" height=\"1920\" src=\"https:\/\/108projects.com\/wp-content\/uploads\/2022\/09\/3_Wales-scaled.jpg\" class=\"attachment-full size-full wp-post-image\" alt=\"\" srcset=\"https:\/\/108projects.com\/wp-content\/uploads\/2022\/09\/3_Wales-scaled.jpg 2560w, https:\/\/108projects.com\/wp-content\/uploads\/2022\/09\/3_Wales-300x225.jpg 300w, https:\/\/108projects.com\/wp-content\/uploads\/2022\/09\/3_Wales-1024x768.jpg 1024w, https:\/\/108projects.com\/wp-content\/uploads\/2022\/09\/3_Wales-768x576.jpg 768w, https:\/\/108projects.com\/wp-content\/uploads\/2022\/09\/3_Wales-1536x1152.jpg 1536w, https:\/\/108projects.com\/wp-content\/uploads\/2022\/09\/3_Wales-2048x1536.jpg 2048w\" sizes=\"(max-width: 2560px) 100vw, 2560px\" \/>\t\t<\/a>\n\t<\/div>\n\t\t<div class=\"qodef-e-content\">\n\t\t\t<div class=\"qodef-e-top-holder\">\n\t\t\t\t<div class=\"qodef-e-info\">\n\t\t\t\t\t<a itemprop=\"dateCreated\" href=\"https:\/\/108projects.com\/de\/2022\/09\/\" class=\"\">\n\t<svg xmlns=\"http:\/\/www.w3.org\/2000\/svg\" xmlns:xlink=\"http:\/\/www.w3.org\/1999\/xlink\" width=\"16\" height=\"14\" viewBox=\"0 0 16 14\">\n\t\t<g>\n\t\t\t<rect width=\"16\" height=\"14\"\/>\n\t\t\t<rect x=\"0.5\" y=\"0.5\" width=\"15\" height=\"13\"\/>\n\t\t<\/g>\n\t\t<rect width=\"2\" height=\"2\" transform=\"translate(3 4)\"\/>\n\t\t<rect width=\"2\" height=\"2\" transform=\"translate(3 8)\"\/>\n\t\t<rect width=\"2\" height=\"2\" transform=\"translate(7 4)\"\/>\n\t\t<rect width=\"2\" height=\"2\" transform=\"translate(7 8)\"\/>\n\t\t<rect width=\"2\" height=\"2\" transform=\"translate(11 4)\"\/>\n\t\t<rect width=\"2\" height=\"2\" transform=\"translate(11 8)\"\/>\n\t<\/svg>\n\t28. September 2022<\/a>\n<div class=\"qodef-info-separator-end\"><\/div>\n\t\t\t\t<\/div>\n\t\t\t<\/div>\n\t\t\t<div class=\"qodef-e-text\">\n\t\t\t\t<h4 itemprop=\"name\" class=\"qodef-e-title entry-title\" >\n\t<a itemprop=\"url\" class=\"qodef-e-title-link\" href=\"https:\/\/108projects.com\/de\/we-love-to-drive-wales\/\">\n\t\tWe love to drive: Wales\t<\/a>\n<\/h4>\n\t\t<p itemprop=\"description\" class=\"qodef-e-excerpt\">Unsere Scenic Drives auf der ganzen Welt haben eine leidenschaftliche Fangemeinde, die mit uns die W\u00fcsten Utahs, den eisigen Polarkreis in Finnland, Englands Lake District und Schottlands Highlands, die kurvenreichen Stra\u00dfen Norditaliens und die von Kirschb\u00e4umen ges\u00e4umten Stra\u00dfen am Fujiyama entdeckt.Im Se<\/p>\n\t\t\t\t<\/div>\n\t\t\t<div class=\"qodef-e-bottom-holder\">\n\t\t\t\t<div class=\"qodef-e-info\">\n\t\t\t\t\t\t<a href=\"https:\/\/108projects.com\/category\/automotive-en\/\" rel=\"tag\">Automotive<\/a>\t<div class=\"qodef-info-separator-end\"><\/div>\n\t\t\t\t<\/div>\n\t\t\t<\/div>\n\t\t<\/div>\n\t\t<\/div>\n\t<\/div>\n<\/article>\n<article class=\"qodef-e qodef-blog-item qodef-grid-item qodef-item--full post-6709 post type-post status-publish format-standard has-post-thumbnail hentry category-architecture category-culinary category-sustainability\">\n\t<div class=\"qodef-e-inner\">\n\t\t<div class=\"qodef-e-content-holder\">\n\t\t\t<div class=\"qodef-e-media-image\">\n\t\t<a itemprop=\"url\" href=\"https:\/\/108projects.com\/de\/we-love-to-eat-norway\/\">\n\t\t\t<img decoding=\"async\" width=\"2016\" height=\"1512\" src=\"https:\/\/108projects.com\/wp-content\/uploads\/2021\/06\/Under_0.jpg\" class=\"attachment-full size-full wp-post-image\" alt=\"\" srcset=\"https:\/\/108projects.com\/wp-content\/uploads\/2021\/06\/Under_0.jpg 2016w, https:\/\/108projects.com\/wp-content\/uploads\/2021\/06\/Under_0-300x225.jpg 300w, https:\/\/108projects.com\/wp-content\/uploads\/2021\/06\/Under_0-1024x768.jpg 1024w, https:\/\/108projects.com\/wp-content\/uploads\/2021\/06\/Under_0-768x576.jpg 768w, https:\/\/108projects.com\/wp-content\/uploads\/2021\/06\/Under_0-1536x1152.jpg 1536w\" sizes=\"(max-width: 2016px) 100vw, 2016px\" \/>\t\t<\/a>\n\t<\/div>\n\t\t<div class=\"qodef-e-content\">\n\t\t\t<div class=\"qodef-e-top-holder\">\n\t\t\t\t<div class=\"qodef-e-info\">\n\t\t\t\t\t<a itemprop=\"dateCreated\" href=\"https:\/\/108projects.com\/de\/2022\/09\/\" class=\"\">\n\t<svg xmlns=\"http:\/\/www.w3.org\/2000\/svg\" xmlns:xlink=\"http:\/\/www.w3.org\/1999\/xlink\" width=\"16\" height=\"14\" viewBox=\"0 0 16 14\">\n\t\t<g>\n\t\t\t<rect width=\"16\" height=\"14\"\/>\n\t\t\t<rect x=\"0.5\" y=\"0.5\" width=\"15\" height=\"13\"\/>\n\t\t<\/g>\n\t\t<rect width=\"2\" height=\"2\" transform=\"translate(3 4)\"\/>\n\t\t<rect width=\"2\" height=\"2\" transform=\"translate(3 8)\"\/>\n\t\t<rect width=\"2\" height=\"2\" transform=\"translate(7 4)\"\/>\n\t\t<rect width=\"2\" height=\"2\" transform=\"translate(7 8)\"\/>\n\t\t<rect width=\"2\" height=\"2\" transform=\"translate(11 4)\"\/>\n\t\t<rect width=\"2\" height=\"2\" transform=\"translate(11 8)\"\/>\n\t<\/svg>\n\t28. September 2022<\/a>\n<div class=\"qodef-info-separator-end\"><\/div>\n\t\t\t\t<\/div>\n\t\t\t<\/div>\n\t\t\t<div class=\"qodef-e-text\">\n\t\t\t\t<h4 itemprop=\"name\" class=\"qodef-e-title entry-title\" >\n\t<a itemprop=\"url\" class=\"qodef-e-title-link\" href=\"https:\/\/108projects.com\/de\/we-love-to-eat-norway\/\">\n\t\tWe love to eat\t<\/a>\n<\/h4>\n\t\t<p itemprop=\"description\" class=\"qodef-e-excerpt\">Kulinarische Reise: Ein Wunder in Norwegen Unsere Leidenschaft f\u00fcr die Kochkunst zeigt sich in unseren au\u00dfergew\u00f6hnlichen kulinarischen Events: bei einem Picknick im Dschungel der chinesischen Provinz Yunnan und einem romantischen Dinner unter dem Sternenhimmel in einem versteckten Kopenhagener Innenhof. Auf <\/p>\n\t\t\t\t<\/div>\n\t\t\t<div class=\"qodef-e-bottom-holder\">\n\t\t\t\t<div class=\"qodef-e-info\">\n\t\t\t\t\t\t<a href=\"https:\/\/108projects.com\/category\/architecture\/\" rel=\"tag\">Architecture<\/a><span class=\"qodef-info-separator-single\"><\/span><a href=\"https:\/\/108projects.com\/category\/culinary\/\" rel=\"tag\">Culinary<\/a><span class=\"qodef-info-separator-single\"><\/span><a href=\"https:\/\/108projects.com\/category\/sustainability\/\" rel=\"tag\">Sustainability<\/a>\t<div class=\"qodef-info-separator-end\"><\/div>\n\t\t\t\t<\/div>\n\t\t\t<\/div>\n\t\t<\/div>\n\t\t<\/div>\n\t<\/div>\n<\/article>\n<article class=\"qodef-e qodef-blog-item qodef-grid-item qodef-item--full post-6710 post type-post status-publish format-standard has-post-thumbnail hentry category-automotive\">\n\t<div class=\"qodef-e-inner\">\n\t\t<div class=\"qodef-e-content-holder\">\n\t\t\t<div class=\"qodef-e-media-image\">\n\t\t<a itemprop=\"url\" href=\"https:\/\/108projects.com\/de\/on-the-road\/\">\n\t\t\t<img loading=\"lazy\" decoding=\"async\" width=\"2048\" height=\"1536\" src=\"https:\/\/108projects.com\/wp-content\/uploads\/2021\/06\/On-the-Road-Kartenspiel.jpg\" class=\"attachment-full size-full wp-post-image\" alt=\"\" srcset=\"https:\/\/108projects.com\/wp-content\/uploads\/2021\/06\/On-the-Road-Kartenspiel.jpg 2048w, https:\/\/108projects.com\/wp-content\/uploads\/2021\/06\/On-the-Road-Kartenspiel-300x225.jpg 300w, https:\/\/108projects.com\/wp-content\/uploads\/2021\/06\/On-the-Road-Kartenspiel-1024x768.jpg 1024w, https:\/\/108projects.com\/wp-content\/uploads\/2021\/06\/On-the-Road-Kartenspiel-768x576.jpg 768w, https:\/\/108projects.com\/wp-content\/uploads\/2021\/06\/On-the-Road-Kartenspiel-1536x1152.jpg 1536w\" sizes=\"(max-width: 2048px) 100vw, 2048px\" \/>\t\t<\/a>\n\t<\/div>\n\t\t<div class=\"qodef-e-content\">\n\t\t\t<div class=\"qodef-e-top-holder\">\n\t\t\t\t<div class=\"qodef-e-info\">\n\t\t\t\t\t<a itemprop=\"dateCreated\" href=\"https:\/\/108projects.com\/de\/2021\/06\/\" class=\"\">\n\t<svg xmlns=\"http:\/\/www.w3.org\/2000\/svg\" xmlns:xlink=\"http:\/\/www.w3.org\/1999\/xlink\" width=\"16\" height=\"14\" viewBox=\"0 0 16 14\">\n\t\t<g>\n\t\t\t<rect width=\"16\" height=\"14\"\/>\n\t\t\t<rect x=\"0.5\" y=\"0.5\" width=\"15\" height=\"13\"\/>\n\t\t<\/g>\n\t\t<rect width=\"2\" height=\"2\" transform=\"translate(3 4)\"\/>\n\t\t<rect width=\"2\" height=\"2\" transform=\"translate(3 8)\"\/>\n\t\t<rect width=\"2\" height=\"2\" transform=\"translate(7 4)\"\/>\n\t\t<rect width=\"2\" height=\"2\" transform=\"translate(7 8)\"\/>\n\t\t<rect width=\"2\" height=\"2\" transform=\"translate(11 4)\"\/>\n\t\t<rect width=\"2\" height=\"2\" transform=\"translate(11 8)\"\/>\n\t<\/svg>\n\t21. Juni 2021<\/a>\n<div class=\"qodef-info-separator-end\"><\/div>\n\t\t\t\t<\/div>\n\t\t\t<\/div>\n\t\t\t<div class=\"qodef-e-text\">\n\t\t\t\t<h4 itemprop=\"name\" class=\"qodef-e-title entry-title\" >\n\t<a itemprop=\"url\" class=\"qodef-e-title-link\" href=\"https:\/\/108projects.com\/de\/on-the-road\/\">\n\t\tOn the road\t<\/a>\n<\/h4>\n\t\t<p itemprop=\"description\" class=\"qodef-e-excerpt\">Als COVID ausbrach, kam die Welt, wie wir sie kannten, zum Stillstand. Von einem Tag auf den anderen waren wir f\u00fcr viele Monate zu Hause. In dieser Zeit entwickelte Richard \u201eOn the Road&#8220;, ein Kartenspiel und Buch, das auf der Leidenschaft und Begeisterung f\u00fcr Scenic Drives und die damit verbundenen Ab<\/p>\n\t\t\t\t<\/div>\n\t\t\t<div class=\"qodef-e-bottom-holder\">\n\t\t\t\t<div class=\"qodef-e-info\">\n\t\t\t\t\t\t<a href=\"https:\/\/108projects.com\/de\/kategorie\/automotive\/\" rel=\"tag\">Automotive<\/a>\t<div class=\"qodef-info-separator-end\"><\/div>\n\t\t\t\t<\/div>\n\t\t\t<\/div>\n\t\t<\/div>\n\t\t<\/div>\n\t<\/div>\n<\/article>\n\t<\/div>\n\t<\/div>\n\t\t\t\t<\/div>\n\t\t\t\t<\/div>\n\t\t\t\t\t<\/div>\n\t\t<\/div>\n\t\t\t\t\t<\/div>\n\t\t<\/section>\n\t\t\t\t<\/div>\n\t\t","protected":false},"excerpt":{"rendered":"<p>108stories Unsere Stories 01 So sehr wir Veranstaltungen lieben \u2013 manchmal flie\u00dft unsere Kreativit\u00e4t in andere Bereiche \u00fcber. Von Fotografie \u00fcber Videos, M\u00f6bel, Mode, Kunstausstellungen und sogar Saatgut haben wir unsere F\u00fchler in eine Vielzahl von Bereichen ausgestreckt. 02 Unser gemeinsamer Nenner ist unser Engagement f\u00fcr ein hervorragendes Kundenerlebnis. Wenn Sie mehr erfahren oder einfach [&hellip;]<\/p>\n","protected":false},"author":2,"featured_media":0,"parent":0,"menu_order":0,"comment_status":"closed","ping_status":"closed","template":"page-full-width.php","meta":{"footnotes":""},"class_list":["post-14115","page","type-page","status-publish","hentry"],"_links":{"self":[{"href":"https:\/\/108projects.com\/de\/wp-json\/wp\/v2\/pages\/14115","targetHints":{"allow":["GET"]}}],"collection":[{"href":"https:\/\/108projects.com\/de\/wp-json\/wp\/v2\/pages"}],"about":[{"href":"https:\/\/108projects.com\/de\/wp-json\/wp\/v2\/types\/page"}],"author":[{"embeddable":true,"href":"https:\/\/108projects.com\/de\/wp-json\/wp\/v2\/users\/2"}],"replies":[{"embeddable":true,"href":"https:\/\/108projects.com\/de\/wp-json\/wp\/v2\/comments?post=14115"}],"version-history":[{"count":9,"href":"https:\/\/108projects.com\/de\/wp-json\/wp\/v2\/pages\/14115\/revisions"}],"predecessor-version":[{"id":14270,"href":"https:\/\/108projects.com\/de\/wp-json\/wp\/v2\/pages\/14115\/revisions\/14270"}],"wp:attachment":[{"href":"https:\/\/108projects.com\/de\/wp-json\/wp\/v2\/media?parent=14115"}],"curies":[{"name":"wp","href":"https:\/\/api.w.org\/{rel}","templated":true}]}}