{"id":5193,"date":"2021-06-17T13:48:57","date_gmt":"2021-06-17T13:48:57","guid":{"rendered":"https:\/\/laurits.qodeinteractive.com\/?page_id=5193"},"modified":"2022-10-07T14:13:05","modified_gmt":"2022-10-07T12:13:05","slug":"ueber-108","status":"publish","type":"page","link":"https:\/\/108projects.com\/de\/ueber-108\/","title":{"rendered":"\u00dcber 108"},"content":{"rendered":"\t\t<div data-elementor-type=\"wp-page\" data-elementor-id=\"5193\" class=\"elementor elementor-5193\" data-elementor-post-type=\"page\">\n\t\t\t\t\t\t<section class=\"elementor-section elementor-top-section elementor-element elementor-element-6dbfa345 elementor-section-full_width elementor-section-height-default elementor-section-height-default qodef-backgound-letter-holder-no qodef-elementor-content-no\" data-id=\"6dbfa345\" data-element_type=\"section\" data-e-type=\"section\">\n\t\t\t\t\t\t<div class=\"elementor-container elementor-column-gap-default\">\n\t\t\t\t\t<div class=\"elementor-column elementor-col-50 elementor-top-column elementor-element elementor-element-9e2d27e\" data-id=\"9e2d27e\" data-element_type=\"column\" data-e-type=\"column\" data-settings=\"{&quot;background_background&quot;:&quot;classic&quot;}\">\n\t\t\t<div class=\"elementor-widget-wrap elementor-element-populated\">\n\t\t\t\t\t\t<div class=\"elementor-element elementor-element-4013ef7b elementor-hidden-phone elementor-widget elementor-widget-laurits_core_single_image\" data-id=\"4013ef7b\" data-element_type=\"widget\" data-e-type=\"widget\" data-widget_type=\"laurits_core_single_image.default\">\n\t\t\t\t<div class=\"elementor-widget-container\">\n\t\t\t\t\t<div class=\"qodef-shortcode qodef-m  qodef-single-image qodef-single-image-792 qodef-layout--default  qodef-appear-animation--no qodef-zoom-scroll-animation--no\" data-appearing-delay=\"0\">\n\t<div class=\"qodef-m-image\">\n\t\t\t<svg class=\"qodef-custom-svg-line\" xmlns=\"http:\/\/www.w3.org\/2000\/svg\" x=\"0px\" y=\"0px\" width=\"742.591px\" height=\"153.854px\" viewBox=\"0 0 742.591 153.854\" enable-background=\"new 0 0 742.591 153.854\">\n<path fill=\"none\" stroke=\"#F13627\" d=\"M0.239,64.032c0,0,438.619,238.361,742-63.678\" \/>\n<\/svg>\t<\/div>\n<\/div>\n\t\t\t\t<\/div>\n\t\t\t\t<\/div>\n\t\t\t\t\t<\/div>\n\t\t<\/div>\n\t\t\t\t<div class=\"elementor-column elementor-col-50 elementor-top-column elementor-element elementor-element-20e80ebc\" data-id=\"20e80ebc\" data-element_type=\"column\" data-e-type=\"column\">\n\t\t\t<div class=\"elementor-widget-wrap elementor-element-populated\">\n\t\t\t\t\t\t<div class=\"elementor-element elementor-element-2fb7651 elementor-widget__width-initial elementor-widget-tablet__width-inherit elementor-widget elementor-widget-laurits_core_section_title\" data-id=\"2fb7651\" data-element_type=\"widget\" data-e-type=\"widget\" data-widget_type=\"laurits_core_section_title.default\">\n\t\t\t\t<div class=\"elementor-widget-container\">\n\t\t\t\t\t<div class=\"qodef-shortcode qodef-m  qodef-section-title qodef-alignment--left  qodef-appear-animation--no \">\n\t\t<span class=\"qodef-m-tagline\" >\u00dcber 108<\/span>\n\t\t<h2 class=\"qodef-m-title\" style=\"margin-top: 15px\">\n\t\t\t\t\tKreative Event Agentur mit umfassender Erfahrung und viel Leidenschaft f\u00fcr die Gestaltung anspruchsvoller Events, Incentives und Erlebnisse.\t\t\t<\/h2>\n\t\t\t<div class=\"qodef-m-button\">\n\t\t\t<\/div>\n<\/div>\n\t\t\t\t<\/div>\n\t\t\t\t<\/div>\n\t\t\t\t<section class=\"elementor-section elementor-inner-section elementor-element elementor-element-3540a2b1 elementor-section-boxed elementor-section-height-default elementor-section-height-default qodef-backgound-letter-holder-no qodef-elementor-content-no\" data-id=\"3540a2b1\" data-element_type=\"section\" data-e-type=\"section\">\n\t\t\t\t\t\t<div class=\"elementor-container elementor-column-gap-default\">\n\t\t\t\t\t<div class=\"elementor-column elementor-col-50 elementor-inner-column elementor-element elementor-element-2f807336\" data-id=\"2f807336\" data-element_type=\"column\" data-e-type=\"column\">\n\t\t\t<div class=\"elementor-widget-wrap elementor-element-populated\">\n\t\t\t\t\t\t<div class=\"elementor-element elementor-element-d712d87 elementor-widget elementor-widget-text-editor\" data-id=\"d712d87\" data-element_type=\"widget\" data-e-type=\"widget\" data-widget_type=\"text-editor.default\">\n\t\t\t\t<div class=\"elementor-widget-container\">\n\t\t\t\t\t\t\t\t\t<p>01<\/p>\t\t\t\t\t\t\t\t<\/div>\n\t\t\t\t<\/div>\n\t\t\t\t<div class=\"elementor-element elementor-element-4aa0adc0 elementor-widget elementor-widget-text-editor\" data-id=\"4aa0adc0\" data-element_type=\"widget\" data-e-type=\"widget\" data-widget_type=\"text-editor.default\">\n\t\t\t\t<div class=\"elementor-widget-container\">\n\t\t\t\t\t\t\t\t\t<p>Seit 2005 bringen wir Kreativit\u00e4t und perfekte Ausf\u00fchrung in Einklang und haben im Auftrag von Premium-Marken \u00fcber 1.000 Veranstaltungen in 25 L\u00e4ndern realisiert, u.a. in den USA, Kanada, der Karibik, Marokko, Georgien, Singapur, China, Japan, Korea und in ganz Europa.<\/p><p>In enger Abstimmung mit unseren Kunden entwickeln wir Konzepte f\u00fcr ma\u00dfgeschneiderte Events und Incentives. Unsere Dienstleistungen umfassen die Full-Service-Event-Produktion mit der Auswahl, Beauftragung und Koordination aller Gewerke, Partner und Dienstleister.<\/p>\t\t\t\t\t\t\t\t<\/div>\n\t\t\t\t<\/div>\n\t\t\t\t\t<\/div>\n\t\t<\/div>\n\t\t\t\t<div class=\"elementor-column elementor-col-50 elementor-inner-column elementor-element elementor-element-3dff8a53\" data-id=\"3dff8a53\" data-element_type=\"column\" data-e-type=\"column\">\n\t\t\t<div class=\"elementor-widget-wrap elementor-element-populated\">\n\t\t\t\t\t\t<div class=\"elementor-element elementor-element-1eb7d27 elementor-widget elementor-widget-text-editor\" data-id=\"1eb7d27\" data-element_type=\"widget\" data-e-type=\"widget\" data-widget_type=\"text-editor.default\">\n\t\t\t\t<div class=\"elementor-widget-container\">\n\t\t\t\t\t\t\t\t\t<p>02<\/p>\t\t\t\t\t\t\t\t<\/div>\n\t\t\t\t<\/div>\n\t\t\t\t<div class=\"elementor-element elementor-element-1982c0d9 elementor-widget elementor-widget-text-editor\" data-id=\"1982c0d9\" data-element_type=\"widget\" data-e-type=\"widget\" data-widget_type=\"text-editor.default\">\n\t\t\t\t<div class=\"elementor-widget-container\">\n\t\t\t\t\t\t\t\t\t<p>Viele unserer Kunden begleiten wir seit Jahren. Wir haben sowohl auf Kunden- als auch auf Agenturseite gearbeitet. Unser Kundenportfolio umfasst u.a. adidas, BMW AG, BMW Deutschland, BMW China, Bosch, Byton, Mercedes, MINI, Sony, Volkswagen, Weltausstellungen, verschiedene staatliche Institutionen, Agenturen (SYMA, VOK DAMS, JI Experience, JI Events &amp; Services) und viele mehr.<\/p><p>108 Projects hat seinen Sitz in M\u00fcnchen, aber wir verstehen uns als internationales Unternehmen. Wir sind uns der kulturellen Unterschiede unserer Kunden bewusst und ber\u00fccksichtigen diese bei unseren kreativen Prozessen und deren Ausgestaltung.<\/p><p>Wenn Sie mehr \u00fcber unsere Arbeit erfahren m\u00f6chten, klicken Sie bitte <a href=\"https:\/\/108projects.com\/works\/\">hier<\/a>.<\/p>\t\t\t\t\t\t\t\t<\/div>\n\t\t\t\t<\/div>\n\t\t\t\t\t<\/div>\n\t\t<\/div>\n\t\t\t\t\t<\/div>\n\t\t<\/section>\n\t\t\t\t\t<\/div>\n\t\t<\/div>\n\t\t\t\t\t<\/div>\n\t\t<\/section>\n\t\t\t\t<section class=\"elementor-section elementor-top-section elementor-element elementor-element-9a7b97f elementor-section-boxed elementor-section-height-default elementor-section-height-default qodef-backgound-letter-holder-no qodef-elementor-content-no\" data-id=\"9a7b97f\" data-element_type=\"section\" data-e-type=\"section\">\n\t\t\t\t\t\t<div class=\"elementor-container elementor-column-gap-default\">\n\t\t\t\t\t<div class=\"elementor-column elementor-col-50 elementor-top-column elementor-element elementor-element-253441d\" data-id=\"253441d\" data-element_type=\"column\" data-e-type=\"column\">\n\t\t\t<div class=\"elementor-widget-wrap elementor-element-populated\">\n\t\t\t\t\t\t<div class=\"elementor-element elementor-element-fd94ed1 elementor-widget__width-auto elementor-widget elementor-widget-laurits_core_single_image\" data-id=\"fd94ed1\" data-element_type=\"widget\" data-e-type=\"widget\" data-widget_type=\"laurits_core_single_image.default\">\n\t\t\t\t<div class=\"elementor-widget-container\">\n\t\t\t\t\t<div class=\"qodef-shortcode qodef-m  qodef-single-image qodef-single-image-52 qodef-layout--default  qodef-appear-animation--no qodef-zoom-scroll-animation--no\" data-appearing-delay=\"0\">\n\t<div class=\"qodef-m-image\">\n\t\t\t\t\t<img fetchpriority=\"high\" decoding=\"async\" width=\"720\" height=\"479\" src=\"https:\/\/108projects.com\/wp-content\/uploads\/2022\/10\/Kerstin_NY-Launch.jpg\" class=\"attachment-full size-full\" alt=\"Kerstin Bergmann\" srcset=\"https:\/\/108projects.com\/wp-content\/uploads\/2022\/10\/Kerstin_NY-Launch.jpg 720w, https:\/\/108projects.com\/wp-content\/uploads\/2022\/10\/Kerstin_NY-Launch-300x200.jpg 300w\" sizes=\"(max-width: 720px) 100vw, 720px\" \/>\t\t\t<\/div>\n<\/div>\n\t\t\t\t<\/div>\n\t\t\t\t<\/div>\n\t\t\t\t\t<\/div>\n\t\t<\/div>\n\t\t\t\t<div class=\"elementor-column elementor-col-50 elementor-top-column elementor-element elementor-element-15f9507\" data-id=\"15f9507\" data-element_type=\"column\" data-e-type=\"column\">\n\t\t\t<div class=\"elementor-widget-wrap elementor-element-populated\">\n\t\t\t\t\t\t<div class=\"elementor-element elementor-element-703d1dd elementor-widget elementor-widget-laurits_core_info_section\" data-id=\"703d1dd\" data-element_type=\"widget\" data-e-type=\"widget\" data-widget_type=\"laurits_core_info_section.default\">\n\t\t\t\t<div class=\"elementor-widget-container\">\n\t\t\t\t\t<div class=\"qodef-shortcode qodef-m  qodef-info-section qodef-info-section-971 qodef-layout--default   qodef-appear-animation--no qodef-zoom-scroll-animation--no\" >\n\t<div class=\"qodef-m-info qodef-info-top-align\">\n\t\t\t<span class=\"qodef-m-tagline\" >\n\t\t\u00dcber 108\t<\/span>\n\t\t\t<h4 class=\"qodef-m-title\" >\n\t\tKerstin Bergmann\t<\/h4>\n\t\t\t<p class=\"qodef-m-text\" >20 Jahre Erfahrung in den Bereichen Automobilevents, Luxus Incentives, VIP-Hospitality und Kulturmanagement. Kerstin hat einen Masterabschluss in chinesischer Wirtschaft und Politik sowie in gastronomischen Wissenschaften und spricht neben Deutsch (Muttersprache) Mandarin, Englisch, Italienisch und Franz\u00f6sisch.<\/p>\n\t\t\t<div class=\"qodef-m-button\">\n\t\t<a class=\"qodef-shortcode qodef-m  qodef-button qodef-layout--textual  qodef-html--link\" href=\"https:\/\/108projects.com\/de\/#contact\" target=\"_self\"  >\t<span class=\"qodef-m-text\">Kontakt<\/span><\/a>\t\t\t<\/div>\n\t<\/div>\n\t<div class=\"qodef-m-info-bottom\">\n\t\t\t\t<div class=\"qodef-m-item qodef-e\">\n\t<div class=\"qodef-shortcode qodef-m  qodef-social-links qodef-items-direction--vertical qodef-items-underline qodef-items-align--left qodef-appear-animation--no\" data-appearing-delay=\"0\">\t<div class=\"qodef-m-items\">\t\t<div class=\"qodef-m-item qodef-e\" ><\/div>\t<\/div><\/div><\/div>\t<\/div>\n<\/div>\n\t\t\t\t<\/div>\n\t\t\t\t<\/div>\n\t\t\t\t\t<\/div>\n\t\t<\/div>\n\t\t\t\t\t<\/div>\n\t\t<\/section>\n\t\t\t\t<section class=\"elementor-section elementor-top-section elementor-element elementor-element-2bacf2e elementor-reverse-mobile elementor-section-boxed elementor-section-height-default elementor-section-height-default qodef-backgound-letter-holder-no qodef-elementor-content-no\" data-id=\"2bacf2e\" data-element_type=\"section\" data-e-type=\"section\">\n\t\t\t\t\t\t<div class=\"elementor-container elementor-column-gap-default\">\n\t\t\t\t\t<div class=\"elementor-column elementor-col-50 elementor-top-column elementor-element elementor-element-e6c2f99\" data-id=\"e6c2f99\" data-element_type=\"column\" data-e-type=\"column\">\n\t\t\t<div class=\"elementor-widget-wrap elementor-element-populated\">\n\t\t\t\t\t\t<div class=\"elementor-element elementor-element-d7e7c08 elementor-widget elementor-widget-laurits_core_info_section\" data-id=\"d7e7c08\" data-element_type=\"widget\" data-e-type=\"widget\" data-widget_type=\"laurits_core_info_section.default\">\n\t\t\t\t<div class=\"elementor-widget-container\">\n\t\t\t\t\t<div class=\"qodef-shortcode qodef-m  qodef-info-section qodef-info-section-890 qodef-layout--default   qodef-appear-animation--no qodef-zoom-scroll-animation--no\" >\n\t<div class=\"qodef-m-info qodef-info-top-align\">\n\t\t\t<span class=\"qodef-m-tagline\" >\n\t\t\u00dcber 108\t<\/span>\n\t\t\t<h4 class=\"qodef-m-title\" >\n\t\tRichard Rayner\t<\/h4>\n\t\t\t<p class=\"qodef-m-text\" >10 Jahre Erfahrung in den Bereichen Automobilevents, Luxus Incentives und VIP-Hospitality. Kreativer Kopf gepaart mit gro\u00dfem Ordnungssinn und Liebe zum Detail. Meister der Scenic Drives und des G\u00e4stemanagements.<\/p>\n\t\t\t<div class=\"qodef-m-button\">\n\t\t<a class=\"qodef-shortcode qodef-m  qodef-button qodef-layout--textual  qodef-html--link\" href=\"https:\/\/108projects.com\/de\/#contact\" target=\"_self\"  >\t<span class=\"qodef-m-text\">Kontakt<\/span><\/a>\t\t\t<\/div>\n\t<\/div>\n\t<div class=\"qodef-m-info-bottom\">\n\t\t\t\t<div class=\"qodef-m-item qodef-e\">\n\t<div class=\"qodef-shortcode qodef-m  qodef-social-links qodef-items-direction--vertical qodef-items-underline qodef-items-align--left qodef-appear-animation--no\" data-appearing-delay=\"0\">\t<div class=\"qodef-m-items\">\t\t<div class=\"qodef-m-item qodef-e\" ><\/div>\t<\/div><\/div><\/div>\t<\/div>\n<\/div>\n\t\t\t\t<\/div>\n\t\t\t\t<\/div>\n\t\t\t\t\t<\/div>\n\t\t<\/div>\n\t\t\t\t<div class=\"elementor-column elementor-col-50 elementor-top-column elementor-element elementor-element-7fd6f65\" data-id=\"7fd6f65\" data-element_type=\"column\" data-e-type=\"column\">\n\t\t\t<div class=\"elementor-widget-wrap elementor-element-populated\">\n\t\t\t\t\t\t<div class=\"elementor-element elementor-element-3e25e5d elementor-widget elementor-widget-laurits_core_single_image\" data-id=\"3e25e5d\" data-element_type=\"widget\" data-e-type=\"widget\" data-widget_type=\"laurits_core_single_image.default\">\n\t\t\t\t<div class=\"elementor-widget-container\">\n\t\t\t\t\t<div class=\"qodef-shortcode qodef-m  qodef-single-image qodef-single-image-178 qodef-layout--default  qodef-appear-animation--no qodef-zoom-scroll-animation--no\" data-appearing-delay=\"0\">\n\t<div class=\"qodef-m-image\">\n\t\t\t\t\t<img decoding=\"async\" width=\"1024\" height=\"683\" src=\"https:\/\/108projects.com\/wp-content\/uploads\/2022\/06\/Richard_portrait_1.jpg\" class=\"attachment-full size-full\" alt=\"\" srcset=\"https:\/\/108projects.com\/wp-content\/uploads\/2022\/06\/Richard_portrait_1.jpg 1024w, https:\/\/108projects.com\/wp-content\/uploads\/2022\/06\/Richard_portrait_1-300x200.jpg 300w, https:\/\/108projects.com\/wp-content\/uploads\/2022\/06\/Richard_portrait_1-768x512.jpg 768w\" sizes=\"(max-width: 1024px) 100vw, 1024px\" \/>\t\t\t<\/div>\n<\/div>\n\t\t\t\t<\/div>\n\t\t\t\t<\/div>\n\t\t\t\t\t<\/div>\n\t\t<\/div>\n\t\t\t\t\t<\/div>\n\t\t<\/section>\n\t\t\t\t<section class=\"elementor-section elementor-top-section elementor-element elementor-element-8182d62 elementor-section-boxed elementor-section-height-default elementor-section-height-default qodef-backgound-letter-holder-no qodef-elementor-content-no\" data-id=\"8182d62\" data-element_type=\"section\" data-e-type=\"section\">\n\t\t\t\t\t\t<div class=\"elementor-container elementor-column-gap-default\">\n\t\t\t\t\t<div class=\"elementor-column elementor-col-100 elementor-top-column elementor-element elementor-element-12b012b\" data-id=\"12b012b\" data-element_type=\"column\" data-e-type=\"column\">\n\t\t\t<div class=\"elementor-widget-wrap elementor-element-populated\">\n\t\t\t\t\t\t<div class=\"elementor-element elementor-element-4472895 elementor-widget elementor-widget-laurits_core_info_section\" data-id=\"4472895\" data-element_type=\"widget\" data-e-type=\"widget\" data-widget_type=\"laurits_core_info_section.default\">\n\t\t\t\t<div class=\"elementor-widget-container\">\n\t\t\t\t\t<div class=\"qodef-shortcode qodef-m  qodef-info-section qodef-info-section-927 qodef-layout--default   qodef-appear-animation--no qodef-zoom-scroll-animation--no\" >\n\t<div class=\"qodef-m-info qodef-info-middle-align\">\n\t\t\t\t\t<h4 class=\"qodef-m-title\" >\n\t\tProfessionell vernetzt\t<\/h4>\n\t\t\t<p class=\"qodef-m-text\" >Im Laufe der Jahre haben wir ein zuverl\u00e4ssiges und fantastisches Netzwerk von erfahrenen Veranstaltungsprofis und Dienstleistern auf der ganzen Welt aufgebaut. <\/p>\n\t\t\t<\/div>\n\t<div class=\"qodef-m-info-bottom\">\n\t\t\t\t<div class=\"qodef-m-item qodef-e\">\n\t<div class=\"qodef-shortcode qodef-m  qodef-social-links qodef-items-direction--vertical qodef-items-underline qodef-items-align--left qodef-appear-animation--no\" data-appearing-delay=\"0\">\t<div class=\"qodef-m-items\">\t\t\t<\/div><\/div><\/div>\t<\/div>\n<\/div>\n\t\t\t\t<\/div>\n\t\t\t\t<\/div>\n\t\t\t\t\t<\/div>\n\t\t<\/div>\n\t\t\t\t\t<\/div>\n\t\t<\/section>\n\t\t\t\t<\/div>\n\t\t","protected":false},"excerpt":{"rendered":"<p>\u00dcber 108 Kreative Event Agentur mit umfassender Erfahrung und viel Leidenschaft f\u00fcr die Gestaltung anspruchsvoller Events, Incentives und Erlebnisse. 01 Seit 2005 bringen wir Kreativit\u00e4t und perfekte Ausf\u00fchrung in Einklang und haben im Auftrag von Premium-Marken \u00fcber 1.000 Veranstaltungen in 25 L\u00e4ndern realisiert, u.a. in den USA, Kanada, der Karibik, Marokko, Georgien, Singapur, China, Japan, [&hellip;]<\/p>\n","protected":false},"author":1,"featured_media":0,"parent":0,"menu_order":0,"comment_status":"closed","ping_status":"closed","template":"page-full-width.php","meta":{"footnotes":""},"class_list":["post-5193","page","type-page","status-publish","hentry"],"_links":{"self":[{"href":"https:\/\/108projects.com\/de\/wp-json\/wp\/v2\/pages\/5193","targetHints":{"allow":["GET"]}}],"collection":[{"href":"https:\/\/108projects.com\/de\/wp-json\/wp\/v2\/pages"}],"about":[{"href":"https:\/\/108projects.com\/de\/wp-json\/wp\/v2\/types\/page"}],"author":[{"embeddable":true,"href":"https:\/\/108projects.com\/de\/wp-json\/wp\/v2\/users\/1"}],"replies":[{"embeddable":true,"href":"https:\/\/108projects.com\/de\/wp-json\/wp\/v2\/comments?post=5193"}],"version-history":[{"count":44,"href":"https:\/\/108projects.com\/de\/wp-json\/wp\/v2\/pages\/5193\/revisions"}],"predecessor-version":[{"id":14276,"href":"https:\/\/108projects.com\/de\/wp-json\/wp\/v2\/pages\/5193\/revisions\/14276"}],"wp:attachment":[{"href":"https:\/\/108projects.com\/de\/wp-json\/wp\/v2\/media?parent=5193"}],"curies":[{"name":"wp","href":"https:\/\/api.w.org\/{rel}","templated":true}]}}